{"id":343,"date":"2025-09-25T11:47:20","date_gmt":"2025-09-25T11:47:20","guid":{"rendered":"https:\/\/www.audreydinghem.fr\/index.php\/services\/"},"modified":"2025-12-03T10:46:01","modified_gmt":"2025-12-03T09:46:01","slug":"services","status":"publish","type":"page","link":"https:\/\/www.audreydinghem.fr\/index.php\/services\/","title":{"rendered":"Savoir-faire"},"content":{"rendered":"\t\t<div data-elementor-type=\"wp-page\" data-elementor-id=\"343\" class=\"elementor elementor-343\" data-elementor-post-type=\"page\">\n\t\t\t\t<div class=\"elementor-element elementor-element-5d2de0b6 e-flex e-con-boxed e-con e-parent\" data-id=\"5d2de0b6\" data-element_type=\"container\" data-e-type=\"container\">\n\t\t\t\t\t<div class=\"e-con-inner\">\n\t\t\t\t<div class=\"elementor-element elementor-element-bf74b elementor-widget elementor-widget-image\" data-id=\"bf74b\" data-element_type=\"widget\" data-e-type=\"widget\" data-settings=\"{&quot;motion_fx_motion_fx_scrolling&quot;:&quot;yes&quot;,&quot;motion_fx_scale_effect&quot;:&quot;yes&quot;,&quot;motion_fx_scale_speed&quot;:{&quot;unit&quot;:&quot;px&quot;,&quot;size&quot;:2,&quot;sizes&quot;:[]},&quot;motion_fx_scale_range&quot;:{&quot;unit&quot;:&quot;%&quot;,&quot;size&quot;:&quot;&quot;,&quot;sizes&quot;:{&quot;start&quot;:65,&quot;end&quot;:100}},&quot;motion_fx_scale_direction&quot;:&quot;out-in&quot;,&quot;motion_fx_devices&quot;:[&quot;desktop&quot;,&quot;tablet&quot;,&quot;mobile&quot;]}\" data-widget_type=\"image.default\">\n\t\t\t\t\t\t\t\t\t\t\t\t\t\t\t<img fetchpriority=\"high\" decoding=\"async\" width=\"1920\" height=\"2560\" src=\"https:\/\/www.audreydinghem.fr\/wp-content\/uploads\/2025\/10\/handwriting-scaled.jpg\" class=\"attachment-full size-full wp-image-818\" alt=\"Handwriting\" srcset=\"https:\/\/www.audreydinghem.fr\/wp-content\/uploads\/2025\/10\/handwriting-scaled.jpg 1920w, https:\/\/www.audreydinghem.fr\/wp-content\/uploads\/2025\/10\/handwriting-225x300.jpg 225w, https:\/\/www.audreydinghem.fr\/wp-content\/uploads\/2025\/10\/handwriting-768x1024.jpg 768w, https:\/\/www.audreydinghem.fr\/wp-content\/uploads\/2025\/10\/handwriting-1152x1536.jpg 1152w, https:\/\/www.audreydinghem.fr\/wp-content\/uploads\/2025\/10\/handwriting-1536x2048.jpg 1536w\" sizes=\"(max-width: 1920px) 100vw, 1920px\" \/>\t\t\t\t\t\t\t\t\t\t\t\t\t\t\t<\/div>\n\t\t<div class=\"elementor-element elementor-element-23f30c9c e-flex e-con-boxed e-con e-child\" data-id=\"23f30c9c\" data-element_type=\"container\" data-e-type=\"container\">\n\t\t\t\t\t<div class=\"e-con-inner\">\n\t\t\t\t<div class=\"elementor-element elementor-element-36ce7349 elementor-invisible elementor-widget elementor-widget-text-editor\" data-id=\"36ce7349\" data-element_type=\"widget\" data-e-type=\"widget\" data-settings=\"{&quot;_animation&quot;:&quot;fadeInUp&quot;}\" data-widget_type=\"text-editor.default\">\n\t\t\t\t\t\t\t\t\t<p>savoir-faire<\/p>\t\t\t\t\t\t\t\t<\/div>\n\t\t\t\t<div class=\"elementor-element elementor-element-157af5dc elementor-widget elementor-widget-heading\" data-id=\"157af5dc\" data-element_type=\"widget\" data-e-type=\"widget\" data-widget_type=\"heading.default\">\n\t\t\t\t\t<h1 class=\"elementor-heading-title elementor-size-default\">Trouver les mots,<br>soigner la copie<\/h1>\t\t\t\t<\/div>\n\t\t\t\t<div class=\"elementor-element elementor-element-9af2648 elementor-widget elementor-widget-text-editor\" data-id=\"9af2648\" data-element_type=\"widget\" data-e-type=\"widget\" data-widget_type=\"text-editor.default\">\n\t\t\t\t\t\t\t\t\t<p>Traduire, c&#8217;est \u00e9crire. Corriger, c&#8217;est perfectionner \u2013 et parfois r\u00e9\u00e9crire.<\/p><p>Pour cela, je m&#8217;int\u00e9resse au sens des mots, \u00e0 leur musique, aux images qui en surgissent et aux \u00e9motions qu&#8217;ils suscitent, mais je veille aussi sur leur escorte : grammaire, orthographe, syntaxe, orthotypographie&#8230; Attentive, m\u00e9thodique, mais pas (totalement) psychorigide, j&#8217;\u0153uvre tout en souplesse, en t\u00e2chant de me montrer \u00e0 la fois pragmatique et sensible aux textes, aux personnes qui les publient et \u00e0 celles qui les liront.<\/p><p>Cela demande de la minutie et de l&#8217;organisation. C&#8217;est pourquoi mon agenda est tenu au cordeau, et mes d\u00e9lais sont grav\u00e9s dans le marbre.<\/p>\t\t\t\t\t\t\t\t<\/div>\n\t\t<div class=\"elementor-element elementor-element-4139dfd e-con-full e-flex e-con e-child\" data-id=\"4139dfd\" data-element_type=\"container\" data-e-type=\"container\">\n\t\t\t\t<\/div>\n\t\t\t\t\t<\/div>\n\t\t\t\t<\/div>\n\t\t\t\t\t<\/div>\n\t\t\t\t<\/div>\n\t\t<div class=\"elementor-element elementor-element-6d240b74 e-flex e-con-boxed e-con e-parent\" data-id=\"6d240b74\" data-element_type=\"container\" data-e-type=\"container\">\n\t\t\t\t\t<div class=\"e-con-inner\">\n\t\t<div class=\"elementor-element elementor-element-1cbf0ad7 e-con-full e-flex e-con e-child\" data-id=\"1cbf0ad7\" data-element_type=\"container\" data-e-type=\"container\">\n\t\t\t\t<div class=\"elementor-element elementor-element-464e482 elementor-view-default elementor-widget elementor-widget-global elementor-global-467 elementor-widget-icon\" data-id=\"464e482\" data-element_type=\"widget\" data-e-type=\"widget\" data-widget_type=\"icon.default\">\n\t\t\t\t\t\t\t<div class=\"elementor-icon-wrapper\">\n\t\t\t<div class=\"elementor-icon\">\n\t\t\t<svg aria-hidden=\"true\" class=\"e-font-icon-svg e-fas-asterisk\" viewBox=\"0 0 512 512\" xmlns=\"http:\/\/www.w3.org\/2000\/svg\"><path d=\"M478.21 334.093L336 256l142.21-78.093c11.795-6.477 15.961-21.384 9.232-33.037l-19.48-33.741c-6.728-11.653-21.72-15.499-33.227-8.523L296 186.718l3.475-162.204C299.763 11.061 288.937 0 275.48 0h-38.96c-13.456 0-24.283 11.061-23.994 24.514L216 186.718 77.265 102.607c-11.506-6.976-26.499-3.13-33.227 8.523l-19.48 33.741c-6.728 11.653-2.562 26.56 9.233 33.037L176 256 33.79 334.093c-11.795 6.477-15.961 21.384-9.232 33.037l19.48 33.741c6.728 11.653 21.721 15.499 33.227 8.523L216 325.282l-3.475 162.204C212.237 500.939 223.064 512 236.52 512h38.961c13.456 0 24.283-11.061 23.995-24.514L296 325.282l138.735 84.111c11.506 6.976 26.499 3.13 33.227-8.523l19.48-33.741c6.728-11.653 2.563-26.559-9.232-33.036z\"><\/path><\/svg>\t\t\t<\/div>\n\t\t<\/div>\n\t\t\t\t\t\t<\/div>\n\t\t\t\t<div class=\"elementor-element elementor-element-3bde6d74 elementor-widget elementor-widget-heading\" data-id=\"3bde6d74\" data-element_type=\"widget\" data-e-type=\"widget\" data-widget_type=\"heading.default\">\n\t\t\t\t\t<h1 class=\"elementor-heading-title elementor-size-default\">Traduction anglais-fran\u00e7ais<\/h1>\t\t\t\t<\/div>\n\t\t\t\t<div class=\"elementor-element elementor-element-6629c9e3 elementor-widget elementor-widget-text-editor\" data-id=\"6629c9e3\" data-element_type=\"widget\" data-e-type=\"widget\" data-widget_type=\"text-editor.default\">\n\t\t\t\t\t\t\t\t\t<p>Par souci d&#8217;efficacit\u00e9 et de pr\u00e9cision, je traduis toujours vers ma langue maternelle, le fran\u00e7ais.<\/p>\t\t\t\t\t\t\t\t<\/div>\n\t\t\t\t<\/div>\n\t\t<div class=\"elementor-element elementor-element-720605b3 e-con-full e-flex e-con e-child\" data-id=\"720605b3\" data-element_type=\"container\" data-e-type=\"container\">\n\t\t<div class=\"elementor-element elementor-element-2f33558b e-con-full e-flex e-con e-child\" data-id=\"2f33558b\" data-element_type=\"container\" data-e-type=\"container\">\n\t\t\t\t<div class=\"elementor-element elementor-element-5757e13b elementor-widget elementor-widget-heading\" data-id=\"5757e13b\" data-element_type=\"widget\" data-e-type=\"widget\" data-widget_type=\"heading.default\">\n\t\t\t\t\t<h2 class=\"elementor-heading-title elementor-size-default\">Fiction<\/h2>\t\t\t\t<\/div>\n\t\t\t\t<div class=\"elementor-element elementor-element-26aa4319 elementor-widget elementor-widget-text-editor\" data-id=\"26aa4319\" data-element_type=\"widget\" data-e-type=\"widget\" data-widget_type=\"text-editor.default\">\n\t\t\t\t\t\t\t\t\t<ul><li>Litt\u00e9rature<\/li><li>Jeunesse, YA<\/li><li>BD<\/li><li>Thriller, roman noir<\/li><\/ul>\t\t\t\t\t\t\t\t<\/div>\n\t\t\t\t<\/div>\n\t\t<div class=\"elementor-element elementor-element-5b93b8ff e-con-full e-flex e-con e-child\" data-id=\"5b93b8ff\" data-element_type=\"container\" data-e-type=\"container\">\n\t\t\t\t<div class=\"elementor-element elementor-element-422a1003 elementor-widget elementor-widget-heading\" data-id=\"422a1003\" data-element_type=\"widget\" data-e-type=\"widget\" data-widget_type=\"heading.default\">\n\t\t\t\t\t<h2 class=\"elementor-heading-title elementor-size-default\">Pratique et beau livre<\/h2>\t\t\t\t<\/div>\n\t\t\t\t<div class=\"elementor-element elementor-element-14b113ea elementor-widget elementor-widget-text-editor\" data-id=\"14b113ea\" data-element_type=\"widget\" data-e-type=\"widget\" data-widget_type=\"text-editor.default\">\n\t\t\t\t\t\t\t\t\t<ul><li>Gastronomie<\/li><li>Loisirs cr\u00e9atifs<\/li><li>Pop culture<\/li><li>Cin\u00e9ma, photographie<\/li><li>Mode, luxe<\/li><\/ul>\t\t\t\t\t\t\t\t<\/div>\n\t\t\t\t<\/div>\n\t\t<div class=\"elementor-element elementor-element-4ec2c14b e-con-full e-flex e-con e-child\" data-id=\"4ec2c14b\" data-element_type=\"container\" data-e-type=\"container\">\n\t\t\t\t<div class=\"elementor-element elementor-element-5cbae02c elementor-widget elementor-widget-heading\" data-id=\"5cbae02c\" data-element_type=\"widget\" data-e-type=\"widget\" data-widget_type=\"heading.default\">\n\t\t\t\t\t<h2 class=\"elementor-heading-title elementor-size-default\">Non-fiction<\/h2>\t\t\t\t<\/div>\n\t\t\t\t<div class=\"elementor-element elementor-element-1bc09d99 elementor-widget elementor-widget-text-editor\" data-id=\"1bc09d99\" data-element_type=\"widget\" data-e-type=\"widget\" data-widget_type=\"text-editor.default\">\n\t\t\t\t\t\t\t\t\t<ul><li>Documents<\/li><li>Essais<\/li><li>Vulgarisation<\/li><\/ul>\t\t\t\t\t\t\t\t<\/div>\n\t\t\t\t<\/div>\n\t\t<div class=\"elementor-element elementor-element-586fb5d7 e-con-full e-flex e-con e-child\" data-id=\"586fb5d7\" data-element_type=\"container\" data-e-type=\"container\">\n\t\t\t\t<div class=\"elementor-element elementor-element-35038c7 elementor-widget elementor-widget-heading\" data-id=\"35038c7\" data-element_type=\"widget\" data-e-type=\"widget\" data-widget_type=\"heading.default\">\n\t\t\t\t\t<h2 class=\"elementor-heading-title elementor-size-default\">Communication<\/h2>\t\t\t\t<\/div>\n\t\t\t\t<div class=\"elementor-element elementor-element-5329e0d9 elementor-widget elementor-widget-text-editor\" data-id=\"5329e0d9\" data-element_type=\"widget\" data-e-type=\"widget\" data-widget_type=\"text-editor.default\">\n\t\t\t\t\t\t\t\t\t<ul><li>Livre d&#8217;entreprise<\/li><li>Magazine<\/li><li>Partenariats \u00e9ditoriaux<\/li><\/ul>\t\t\t\t\t\t\t\t<\/div>\n\t\t\t\t<\/div>\n\t\t\t\t<\/div>\n\t\t\t\t\t<\/div>\n\t\t\t\t<\/div>\n\t\t<div class=\"elementor-element elementor-element-3491e1b e-flex e-con-boxed e-con e-parent\" data-id=\"3491e1b\" data-element_type=\"container\" data-e-type=\"container\">\n\t\t\t\t\t<div class=\"e-con-inner\">\n\t\t<div class=\"elementor-element elementor-element-18b02d0c e-con-full e-flex e-con e-child\" data-id=\"18b02d0c\" data-element_type=\"container\" data-e-type=\"container\">\n\t\t<div class=\"elementor-element elementor-element-3c636fab e-con-full e-flex e-con e-child\" data-id=\"3c636fab\" data-element_type=\"container\" data-e-type=\"container\">\n\t\t\t\t<div class=\"elementor-element elementor-element-1fc2974a elementor-widget elementor-widget-heading\" data-id=\"1fc2974a\" data-element_type=\"widget\" data-e-type=\"widget\" data-widget_type=\"heading.default\">\n\t\t\t\t\t<h2 class=\"elementor-heading-title elementor-size-default\">Pr\u00e9paration de copie<\/h2>\t\t\t\t<\/div>\n\t\t\t\t<div class=\"elementor-element elementor-element-1e619b3f elementor-widget elementor-widget-text-editor\" data-id=\"1e619b3f\" data-element_type=\"widget\" data-e-type=\"widget\" data-widget_type=\"text-editor.default\">\n\t\t\t\t\t\t\t\t\t<ul>\n<li>V\u00e9rification de la structure et du fond (<em>fact-checking<\/em>, r\u00e9f\u00e9rences)<\/li>\n<li>Harmonisation et correction orthographiques, syntaxiques, lexicales, orthotypographiques&#8230;<\/li>\n<li>Cr\u00e9ation de la marche orthotypo<\/li>\n<li>Application des styles et de la marche maison<\/li>\n<\/ul>\t\t\t\t\t\t\t\t<\/div>\n\t\t\t\t<\/div>\n\t\t<div class=\"elementor-element elementor-element-1121a5ee e-con-full e-flex e-con e-child\" data-id=\"1121a5ee\" data-element_type=\"container\" data-e-type=\"container\">\n\t\t\t\t<div class=\"elementor-element elementor-element-761a7a54 elementor-widget elementor-widget-heading\" data-id=\"761a7a54\" data-element_type=\"widget\" data-e-type=\"widget\" data-widget_type=\"heading.default\">\n\t\t\t\t\t<h2 class=\"elementor-heading-title elementor-size-default\">Correction sur \u00e9preuves<\/h2>\t\t\t\t<\/div>\n\t\t\t\t<div class=\"elementor-element elementor-element-10dcbbb8 elementor-widget elementor-widget-text-editor\" data-id=\"10dcbbb8\" data-element_type=\"widget\" data-e-type=\"widget\" data-widget_type=\"text-editor.default\">\n\t\t\t\t\t\t\t\t\t<ul><li><span style=\"background-color: transparent; letter-spacing: -0.8px;\">V\u00e9rification orthographique et orthotypographique<\/span><\/li><li style=\"font-size: 16px;\">Contr\u00f4le de la maquette<\/li><li>\u00a0Annotations sur papier ou sur PDF (importables dans InDesign)<\/li><\/ul>\t\t\t\t\t\t\t\t<\/div>\n\t\t\t\t<\/div>\n\t\t<div class=\"elementor-element elementor-element-35416e45 e-con-full e-flex e-con e-child\" data-id=\"35416e45\" data-element_type=\"container\" data-e-type=\"container\">\n\t\t\t\t<div class=\"elementor-element elementor-element-34c6dc36 elementor-widget elementor-widget-heading\" data-id=\"34c6dc36\" data-element_type=\"widget\" data-e-type=\"widget\" data-widget_type=\"heading.default\">\n\t\t\t\t\t<h2 class=\"elementor-heading-title elementor-size-default\">R\u00e9vision de traduction<\/h2>\t\t\t\t<\/div>\n\t\t\t\t<div class=\"elementor-element elementor-element-59191255 elementor-widget elementor-widget-text-editor\" data-id=\"59191255\" data-element_type=\"widget\" data-e-type=\"widget\" data-widget_type=\"text-editor.default\">\n\t\t\t\t\t\t\t\t\t<ul><li>Lecture ligne \u00e0 ligne<\/li><li>Contr\u00f4le de la fid\u00e9lit\u00e9<\/li><li>Propositions d&#8217;am\u00e9liorations<\/li><\/ul>\t\t\t\t\t\t\t\t<\/div>\n\t\t\t\t<\/div>\n\t\t<div class=\"elementor-element elementor-element-311dee80 e-con-full e-flex e-con e-child\" data-id=\"311dee80\" data-element_type=\"container\" data-e-type=\"container\">\n\t\t\t\t<div class=\"elementor-element elementor-element-7ae9c1b elementor-widget elementor-widget-heading\" data-id=\"7ae9c1b\" data-element_type=\"widget\" data-e-type=\"widget\" data-widget_type=\"heading.default\">\n\t\t\t\t\t<h2 class=\"elementor-heading-title elementor-size-default\">Secr\u00e9tariat de r\u00e9daction<\/h2>\t\t\t\t<\/div>\n\t\t\t\t<div class=\"elementor-element elementor-element-3d8e8e81 elementor-widget elementor-widget-text-editor\" data-id=\"3d8e8e81\" data-element_type=\"widget\" data-e-type=\"widget\" data-widget_type=\"text-editor.default\">\n\t\t\t\t\t\t\t\t\t<ul>\n<li>Publications papier ou web<\/li>\n<li>R\u00e9\u00e9criture conforme \u00e0 la ligne \u00e9ditoriale<\/li>\n<li>&#8230; Et tout ce qui rel\u00e8ve de la pr\u00e9paration de copie et de la correction<\/li>\n<\/ul>\t\t\t\t\t\t\t\t<\/div>\n\t\t\t\t<\/div>\n\t\t\t\t<\/div>\n\t\t<div class=\"elementor-element elementor-element-7188d564 e-con-full e-flex e-con e-child\" data-id=\"7188d564\" data-element_type=\"container\" data-e-type=\"container\">\n\t\t\t\t<div class=\"elementor-element elementor-element-12dee0b elementor-view-default elementor-widget elementor-widget-global elementor-global-467 elementor-widget-icon\" data-id=\"12dee0b\" data-element_type=\"widget\" data-e-type=\"widget\" data-widget_type=\"icon.default\">\n\t\t\t\t\t\t\t<div class=\"elementor-icon-wrapper\">\n\t\t\t<div class=\"elementor-icon\">\n\t\t\t<svg aria-hidden=\"true\" class=\"e-font-icon-svg e-fas-asterisk\" viewBox=\"0 0 512 512\" xmlns=\"http:\/\/www.w3.org\/2000\/svg\"><path d=\"M478.21 334.093L336 256l142.21-78.093c11.795-6.477 15.961-21.384 9.232-33.037l-19.48-33.741c-6.728-11.653-21.72-15.499-33.227-8.523L296 186.718l3.475-162.204C299.763 11.061 288.937 0 275.48 0h-38.96c-13.456 0-24.283 11.061-23.994 24.514L216 186.718 77.265 102.607c-11.506-6.976-26.499-3.13-33.227 8.523l-19.48 33.741c-6.728 11.653-2.562 26.56 9.233 33.037L176 256 33.79 334.093c-11.795 6.477-15.961 21.384-9.232 33.037l19.48 33.741c6.728 11.653 21.721 15.499 33.227 8.523L216 325.282l-3.475 162.204C212.237 500.939 223.064 512 236.52 512h38.961c13.456 0 24.283-11.061 23.995-24.514L296 325.282l138.735 84.111c11.506 6.976 26.499 3.13 33.227-8.523l19.48-33.741c6.728-11.653 2.563-26.559-9.232-33.036z\"><\/path><\/svg>\t\t\t<\/div>\n\t\t<\/div>\n\t\t\t\t\t\t<\/div>\n\t\t\t\t<div class=\"elementor-element elementor-element-7a69e2b4 elementor-widget elementor-widget-heading\" data-id=\"7a69e2b4\" data-element_type=\"widget\" data-e-type=\"widget\" data-widget_type=\"heading.default\">\n\t\t\t\t\t<h1 class=\"elementor-heading-title elementor-size-default\">Correction<\/h1>\t\t\t\t<\/div>\n\t\t\t\t<div class=\"elementor-element elementor-element-11f7be4f elementor-widget elementor-widget-text-editor\" data-id=\"11f7be4f\" data-element_type=\"widget\" data-e-type=\"widget\" data-widget_type=\"text-editor.default\">\n\t\t\t\t\t\t\t\t\t<p><span style=\"letter-spacing: -0.8px;\">Je vous aide \u00e0 prendre du recul et \u00e0 trouver des solutions judicieuses et conformes \u00e0 votre charte \u00e9ditoriale. Cela consiste \u00e0 traquer les incoh\u00e9rences, consolider le fond et la forme, puis bouter les derniers barbarismes et coquilles r\u00e9calcitrants, pour des publications sans faute et sans reproche.<\/span><\/p>\t\t\t\t\t\t\t\t<\/div>\n\t\t\t\t<\/div>\n\t\t\t\t\t<\/div>\n\t\t\t\t<\/div>\n\t\t\t\t<\/div>\n\t\t","protected":false},"excerpt":{"rendered":"<p>savoir-faire Trouver les mots,soigner la copie Traduire, c&#8217;est \u00e9crire. Corriger, c&#8217;est perfectionner \u2013 et parfois r\u00e9\u00e9crire. Pour cela, je m&#8217;int\u00e9resse au sens des mots, \u00e0 leur musique, aux images qui en surgissent et aux \u00e9motions qu&#8217;ils suscitent, mais je veille aussi sur leur escorte : grammaire, orthographe, syntaxe, orthotypographie&#8230; Attentive, m\u00e9thodique, mais pas (totalement) psychorigide, [&hellip;]<\/p>\n","protected":false},"author":1,"featured_media":347,"parent":0,"menu_order":0,"comment_status":"closed","ping_status":"closed","template":"elementor_header_footer","meta":{"slim_seo":{"title":"Savoir-faire - Audrey Dinghem","description":"savoir-faire Trouver les mots, soigner la copie Traduire, c'est \u00e9crire. Corriger, c'est perfectionner \u2013 et parfois r\u00e9\u00e9crire. Pour cela, je m'int\u00e9resse au sens d"},"footnotes":""},"class_list":["post-343","page","type-page","status-publish","has-post-thumbnail","hentry"],"_links":{"self":[{"href":"https:\/\/www.audreydinghem.fr\/index.php\/wp-json\/wp\/v2\/pages\/343","targetHints":{"allow":["GET"]}}],"collection":[{"href":"https:\/\/www.audreydinghem.fr\/index.php\/wp-json\/wp\/v2\/pages"}],"about":[{"href":"https:\/\/www.audreydinghem.fr\/index.php\/wp-json\/wp\/v2\/types\/page"}],"author":[{"embeddable":true,"href":"https:\/\/www.audreydinghem.fr\/index.php\/wp-json\/wp\/v2\/users\/1"}],"replies":[{"embeddable":true,"href":"https:\/\/www.audreydinghem.fr\/index.php\/wp-json\/wp\/v2\/comments?post=343"}],"version-history":[{"count":59,"href":"https:\/\/www.audreydinghem.fr\/index.php\/wp-json\/wp\/v2\/pages\/343\/revisions"}],"predecessor-version":[{"id":1625,"href":"https:\/\/www.audreydinghem.fr\/index.php\/wp-json\/wp\/v2\/pages\/343\/revisions\/1625"}],"wp:featuredmedia":[{"embeddable":true,"href":"https:\/\/www.audreydinghem.fr\/index.php\/wp-json\/wp\/v2\/media\/347"}],"wp:attachment":[{"href":"https:\/\/www.audreydinghem.fr\/index.php\/wp-json\/wp\/v2\/media?parent=343"}],"curies":[{"name":"wp","href":"https:\/\/api.w.org\/{rel}","templated":true}]}}